{"id":1202,"date":"2026-04-14T21:52:21","date_gmt":"2026-04-14T21:52:21","guid":{"rendered":"https:\/\/lecheriacatrico.cl\/almacen\/?post_type=product&#038;p=1202"},"modified":"2026-04-14T21:52:21","modified_gmt":"2026-04-14T21:52:21","slug":"yogurt-de-kefir-frambuesa","status":"publish","type":"product","link":"https:\/\/lecheriacatrico.cl\/almacen\/producto\/yogurt-de-kefir-frambuesa\/","title":{"rendered":"Yogurt de K\u00e9fir Frambuesa"},"content":{"rendered":"<p>Yogurt de K\u00e9fir Frambuesa \u2013 Lecher\u00eda Catrico<br \/>\nYogurt artesanal elaborado a partir de leche fresca de vacas Jersey y fermentado con cultivos de k\u00e9fir, lo que le aporta una textura suave, sabor levemente \u00e1cido y beneficios naturales para la digesti\u00f3n.<br \/>\nSaborizado con frambuesa, logrando un equilibrio perfecto entre lo cremoso y lo frutal.<br \/>\n\u2714 Elaborado con leche fresca de campo<br \/>\n\u2714 Con cultivos de k\u00e9fir (fermentaci\u00f3n natural)<br \/>\n\u2714 Sabor frambuesa, natural y equilibrado<br \/>\n\u2714 Sin aditivos artificiales<br \/>\n\u2714 Producci\u00f3n local con trazabilidad<br \/>\n\u2714 Duraci\u00f3n de 4 a 5 d\u00edas en refrigeraci\u00f3n<br \/>\nIdeal para consumir en el desayuno, despu\u00e9s de hacer deporte o como colaci\u00f3n saludable.<br \/>\n$4.500 250 ML<\/p>\n","protected":false},"excerpt":{"rendered":"<p>Yogurt de K\u00e9fir Frambuesa \u2013 Lecher\u00eda Catrico Yogurt artesanal elaborado a partir de leche fresca de vacas Jersey y fermentado con cultivos de k\u00e9fir, lo que le aporta una textura suave, sabor levemente \u00e1cido y beneficios naturales para la digesti\u00f3n. Saborizado con frambuesa, logrando un equilibrio perfecto entre lo cremoso y lo frutal. \u2714 Elaborado con leche fresca de campo \u2714 Con cultivos de k\u00e9fir (fermentaci\u00f3n natural) \u2714 Sabor frambuesa, natural y equilibrado \u2714 Sin aditivos artificiales \u2714 Producci\u00f3n local con trazabilidad \u2714 Duraci\u00f3n de 4 a 5 d\u00edas en refrigeraci\u00f3n Ideal para consumir en el desayuno, despu\u00e9s de hacer deporte o como colaci\u00f3n saludable. $4.500 250 ML<\/p>\n","protected":false},"featured_media":1203,"comment_status":"open","ping_status":"closed","template":"","meta":[],"product_brand":[],"product_cat":[15],"product_tag":[],"class_list":{"0":"post-1202","1":"product","2":"type-product","3":"status-publish","4":"has-post-thumbnail","6":"product_cat-sin-categoria","8":"first","9":"instock","10":"shipping-taxable","11":"purchasable","12":"product-type-simple"},"_links":{"self":[{"href":"https:\/\/lecheriacatrico.cl\/almacen\/wp-json\/wp\/v2\/product\/1202","targetHints":{"allow":["GET"]}}],"collection":[{"href":"https:\/\/lecheriacatrico.cl\/almacen\/wp-json\/wp\/v2\/product"}],"about":[{"href":"https:\/\/lecheriacatrico.cl\/almacen\/wp-json\/wp\/v2\/types\/product"}],"replies":[{"embeddable":true,"href":"https:\/\/lecheriacatrico.cl\/almacen\/wp-json\/wp\/v2\/comments?post=1202"}],"wp:featuredmedia":[{"embeddable":true,"href":"https:\/\/lecheriacatrico.cl\/almacen\/wp-json\/wp\/v2\/media\/1203"}],"wp:attachment":[{"href":"https:\/\/lecheriacatrico.cl\/almacen\/wp-json\/wp\/v2\/media?parent=1202"}],"wp:term":[{"taxonomy":"product_brand","embeddable":true,"href":"https:\/\/lecheriacatrico.cl\/almacen\/wp-json\/wp\/v2\/product_brand?post=1202"},{"taxonomy":"product_cat","embeddable":true,"href":"https:\/\/lecheriacatrico.cl\/almacen\/wp-json\/wp\/v2\/product_cat?post=1202"},{"taxonomy":"product_tag","embeddable":true,"href":"https:\/\/lecheriacatrico.cl\/almacen\/wp-json\/wp\/v2\/product_tag?post=1202"}],"curies":[{"name":"wp","href":"https:\/\/api.w.org\/{rel}","templated":true}]}}