{"id":1200,"date":"2026-04-14T21:45:50","date_gmt":"2026-04-14T21:45:50","guid":{"rendered":"https:\/\/lecheriacatrico.cl\/almacen\/?post_type=product&#038;p=1200"},"modified":"2026-04-14T21:50:49","modified_gmt":"2026-04-14T21:50:49","slug":"leche-entera-jersey","status":"publish","type":"product","link":"https:\/\/lecheriacatrico.cl\/almacen\/producto\/leche-entera-jersey\/","title":{"rendered":"Leche Entera Jersey"},"content":{"rendered":"<p>Leche Entera Jersey 1L \u2013 Lecher\u00eda Catrico<br \/>\nLeche fresca de vacas Jersey, 100% natural, pasteurizada y no homogeneizada, lo que permite conservar su estructura original, sabor aut\u00e9ntico y mayor contenido de grasa natural.<br \/>\nProveniente directamente de nuestro campo, esta leche destaca por su cremosidad, color ligeramente m\u00e1s amarillo y alto valor nutritivo.<br \/>\n\u2714 Pasteurizada para garantizar inocuidad<br \/>\n\u2714 No homogeneizada (puede formarse una capa de crema natural)<br \/>\n\u2714 Leche entera, sin aditivos ni procesos industriales intensivos<br \/>\n\u2714 Producci\u00f3n local con trazabilidad<br \/>\n\u2714 Duraci\u00f3n de 4 a 5 d\u00edas en refrigeraci\u00f3n<br \/>\nIdeal para consumo directo, caf\u00e9 o preparaciones caseras.<br \/>\n$3.100 y con retorno de botella (despu\u00e9s de que compras una vez) $2.100<\/p>\n","protected":false},"excerpt":{"rendered":"<p>Leche Entera Jersey 1L \u2013 Lecher\u00eda Catrico Leche fresca de vacas Jersey, 100% natural, pasteurizada y no homogeneizada, lo que permite conservar su estructura original, sabor aut\u00e9ntico y mayor contenido de grasa natural. Proveniente directamente de nuestro campo, esta leche destaca por su cremosidad, color ligeramente m\u00e1s amarillo y alto valor nutritivo. \u2714 Pasteurizada para garantizar inocuidad \u2714 No homogeneizada (puede formarse una capa de crema natural) \u2714 Leche entera, sin aditivos ni procesos industriales intensivos \u2714 Producci\u00f3n local con trazabilidad \u2714 Duraci\u00f3n de 4 a 5 d\u00edas en refrigeraci\u00f3n Ideal para consumo directo, caf\u00e9 o preparaciones caseras. $3.100 y con retorno de botella (despu\u00e9s de que compras una vez) $2.100<\/p>\n","protected":false},"featured_media":1201,"comment_status":"open","ping_status":"closed","template":"","meta":[],"product_brand":[],"product_cat":[15],"product_tag":[],"class_list":{"0":"post-1200","1":"product","2":"type-product","3":"status-publish","4":"has-post-thumbnail","6":"product_cat-sin-categoria","8":"first","9":"instock","10":"shipping-taxable","11":"purchasable","12":"product-type-simple"},"_links":{"self":[{"href":"https:\/\/lecheriacatrico.cl\/almacen\/wp-json\/wp\/v2\/product\/1200","targetHints":{"allow":["GET"]}}],"collection":[{"href":"https:\/\/lecheriacatrico.cl\/almacen\/wp-json\/wp\/v2\/product"}],"about":[{"href":"https:\/\/lecheriacatrico.cl\/almacen\/wp-json\/wp\/v2\/types\/product"}],"replies":[{"embeddable":true,"href":"https:\/\/lecheriacatrico.cl\/almacen\/wp-json\/wp\/v2\/comments?post=1200"}],"wp:featuredmedia":[{"embeddable":true,"href":"https:\/\/lecheriacatrico.cl\/almacen\/wp-json\/wp\/v2\/media\/1201"}],"wp:attachment":[{"href":"https:\/\/lecheriacatrico.cl\/almacen\/wp-json\/wp\/v2\/media?parent=1200"}],"wp:term":[{"taxonomy":"product_brand","embeddable":true,"href":"https:\/\/lecheriacatrico.cl\/almacen\/wp-json\/wp\/v2\/product_brand?post=1200"},{"taxonomy":"product_cat","embeddable":true,"href":"https:\/\/lecheriacatrico.cl\/almacen\/wp-json\/wp\/v2\/product_cat?post=1200"},{"taxonomy":"product_tag","embeddable":true,"href":"https:\/\/lecheriacatrico.cl\/almacen\/wp-json\/wp\/v2\/product_tag?post=1200"}],"curies":[{"name":"wp","href":"https:\/\/api.w.org\/{rel}","templated":true}]}}